{"id":2,"date":"2019-04-30T13:27:48","date_gmt":"2019-04-30T11:27:48","guid":{"rendered":"http:\/\/www.clehm.be\/V2F\/?page_id=2"},"modified":"2019-05-02T15:10:30","modified_gmt":"2019-05-02T13:10:30","slug":"page-d-exemple","status":"publish","type":"page","link":"http:\/\/www.clehm.be\/V2F\/","title":{"rendered":"Le cabinet"},"content":{"rendered":"\n<p><strong>Des praticiens<\/strong> \u2022 Notre cabinet regroupe des praticiens du droit du travail ayant d\u00e9cid\u00e9 de r\u00e9unir leurs connaissances et exp\u00e9riences acquises depuis vingt ans en qualit\u00e9 d\u2019avocats sp\u00e9cialis\u00e9s dans les diverses mais non moins nombreuses mati\u00e8res relevant du droit social au sens large, qu\u2019il s\u2019agisse:<br><br> \u2022 des questions relevant strictement du droit du travail,<br><br> \u2022 du droit collectif des entreprises,<br><br> \u2022 du droit de la s\u00e9curit\u00e9 sociale,<br><br> \u2022 du statut des dirigeants d\u2019entreprise et<br><br> \u2022 des questions de fiscalit\u00e9 directe li\u00e9es \u00e0 l\u2019occupation de travailleurs.<\/p>\n\n\n\n<p><strong>Notre approche<\/strong> \u2022 \u00c9minemment pragmatique, celle-ci consiste notamment en un accompagnement de qualit\u00e9 et personnalis\u00e9 au sein m\u00eame des entreprises. La structure du cabinet permet par ailleurs de pratiquer une politique d\u2019honoraires transparente et comp\u00e9titive.<\/p>\n","protected":false},"excerpt":{"rendered":"<p>Des praticiens \u2022 Notre cabinet regroupe des praticiens du droit du travail ayant d\u00e9cid\u00e9 de r\u00e9unir leurs connaissances et exp\u00e9riences acquises depuis vingt ans en qualit\u00e9 d\u2019avocats sp\u00e9cialis\u00e9s dans les diverses mais non moins nombreuses mati\u00e8res relevant du droit social &hellip; <a href=\"http:\/\/www.clehm.be\/V2F\/\">Continuer la lecture <span class=\"meta-nav\">&rarr;<\/span><\/a><\/p>\n","protected":false},"author":1,"featured_media":0,"parent":0,"menu_order":0,"comment_status":"closed","ping_status":"open","template":"","meta":{"footnotes":""},"class_list":["post-2","page","type-page","status-publish","hentry"],"_links":{"self":[{"href":"http:\/\/www.clehm.be\/V2F\/wp-json\/wp\/v2\/pages\/2","targetHints":{"allow":["GET"]}}],"collection":[{"href":"http:\/\/www.clehm.be\/V2F\/wp-json\/wp\/v2\/pages"}],"about":[{"href":"http:\/\/www.clehm.be\/V2F\/wp-json\/wp\/v2\/types\/page"}],"author":[{"embeddable":true,"href":"http:\/\/www.clehm.be\/V2F\/wp-json\/wp\/v2\/users\/1"}],"replies":[{"embeddable":true,"href":"http:\/\/www.clehm.be\/V2F\/wp-json\/wp\/v2\/comments?post=2"}],"version-history":[{"count":4,"href":"http:\/\/www.clehm.be\/V2F\/wp-json\/wp\/v2\/pages\/2\/revisions"}],"predecessor-version":[{"id":38,"href":"http:\/\/www.clehm.be\/V2F\/wp-json\/wp\/v2\/pages\/2\/revisions\/38"}],"wp:attachment":[{"href":"http:\/\/www.clehm.be\/V2F\/wp-json\/wp\/v2\/media?parent=2"}],"curies":[{"name":"wp","href":"https:\/\/api.w.org\/{rel}","templated":true}]}}