{"id":46,"date":"2019-05-03T13:29:19","date_gmt":"2019-05-03T11:29:19","guid":{"rendered":"http:\/\/www.clehm.be\/V2F\/?page_id=46"},"modified":"2019-05-03T13:29:19","modified_gmt":"2019-05-03T11:29:19","slug":"nos-services","status":"publish","type":"page","link":"http:\/\/www.clehm.be\/V2F\/nos-services\/","title":{"rendered":"Nos services"},"content":{"rendered":"\n<p><strong>Droit collectif du travail<\/strong><\/p>\n\n\n\n<p><strong>N\u00e9gociations collectives<\/strong> \u2022 Nous assistons les entreprises dans le cadre de n\u00e9gociations collectives et dans la r\u00e9daction de conventions collectives de travail en toutes mati\u00e8res.<\/p>\n\n\n\n<p><strong>\u00c9lections et relations sociales<\/strong> \u2022 Notre expertise s\u2019\u00e9tend \u00e9galement \u00e0 la mati\u00e8re des \u00e9lections sociales, \u00e0 la mise sur pied et au suivi du (bon) fonctionnement des organes sociaux (conseil d\u2019entreprise, comit\u00e9 pour la pr\u00e9vention et la protection au travail et d\u00e9l\u00e9gation syndicale) et \u00e0 la gestion des conflits \u00e0 caract\u00e8re collectif.<\/p>\n\n\n\n<p><strong>Flexibilit\u00e9<\/strong> \u2022 Nous contribuons par ailleurs activement \u00e0 la mise sur pied de mesures visant \u00e0 flexibiliser l\u2019organisation du travail, notamment par le biais de la grande ou de la petite flexibilit\u00e9 du temps de travail.<\/p>\n\n\n\n<p><strong>Restructurations<\/strong> \u2022 Le cabinet traite en outre de l\u2019ensemble des aspects juridiques li\u00e9s aux proc\u00e9dure de restructuration ainsi qu\u2019aux n\u00e9gociations avec les organisations syndicales. Dans ce cadre plus sp\u00e9cifique, nous avons d\u00e9velopp\u00e9 une expertise toute particuli\u00e8re allant du calcul tr\u00e8s pr\u00e9cis du co\u00fbt des mesures d\u2019accompagnement \u00e0 l\u2019\u00e9tablissement des plans de communication interne et externe, \u00e0 la mise sur pied d\u2019\u00e9ventuels plans de contingence, en passant par la pr\u00e9paration et la pr\u00e9sentation des dossiers destin\u00e9s \u00e0 la mise sur pied des cellules pour l\u2019emploi ou de reconversion assimil\u00e9es \u00e0 des cellules pour l\u2019emploi, obligatoires depuis l\u2019introduction des mesures aff\u00e9rentes au Pacte entre les g\u00e9n\u00e9rations.<\/p>\n\n\n\n<p><strong>Droit du travail individuel<\/strong><\/p>\n\n\n\n<p>Le cabinet traite de tous les aspects du droit individuel du travail. Nous r\u00e9digeons vos contrats de travail et vous assistons dans le cadre de proc\u00e9dures de licenciement individuel, de lev\u00e9e de protection de candidats et d\u00e9l\u00e9gu\u00e9s aux \u00e9lections sociales, \u2026<\/p>\n\n\n\n<p><strong>Droit de la s\u00e9curit\u00e9 sociale et droit p\u00e9nal social<\/strong><\/p>\n\n\n\n<p>Le cabinet propose \u00e9galement son expertise dans les diverses branches de la s\u00e9curit\u00e9 sociale (pensions, en ce compris les pensions compl\u00e9mentaires, ch\u00f4mage, vacances annuelles, \u2026) ainsi qu\u2019en droit p\u00e9nal social (amendes administratives, proc\u00e9dures devant les juridictions, inspections sociales).<\/p>\n","protected":false},"excerpt":{"rendered":"<p>Droit collectif du travail N\u00e9gociations collectives \u2022 Nous assistons les entreprises dans le cadre de n\u00e9gociations collectives et dans la r\u00e9daction de conventions collectives de travail en toutes mati\u00e8res. \u00c9lections et relations sociales \u2022 Notre expertise s\u2019\u00e9tend \u00e9galement \u00e0 la &hellip; <a href=\"http:\/\/www.clehm.be\/V2F\/nos-services\/\">Continuer la lecture <span class=\"meta-nav\">&rarr;<\/span><\/a><\/p>\n","protected":false},"author":1,"featured_media":0,"parent":0,"menu_order":0,"comment_status":"closed","ping_status":"closed","template":"","meta":{"footnotes":""},"class_list":["post-46","page","type-page","status-publish","hentry"],"_links":{"self":[{"href":"http:\/\/www.clehm.be\/V2F\/wp-json\/wp\/v2\/pages\/46","targetHints":{"allow":["GET"]}}],"collection":[{"href":"http:\/\/www.clehm.be\/V2F\/wp-json\/wp\/v2\/pages"}],"about":[{"href":"http:\/\/www.clehm.be\/V2F\/wp-json\/wp\/v2\/types\/page"}],"author":[{"embeddable":true,"href":"http:\/\/www.clehm.be\/V2F\/wp-json\/wp\/v2\/users\/1"}],"replies":[{"embeddable":true,"href":"http:\/\/www.clehm.be\/V2F\/wp-json\/wp\/v2\/comments?post=46"}],"version-history":[{"count":1,"href":"http:\/\/www.clehm.be\/V2F\/wp-json\/wp\/v2\/pages\/46\/revisions"}],"predecessor-version":[{"id":47,"href":"http:\/\/www.clehm.be\/V2F\/wp-json\/wp\/v2\/pages\/46\/revisions\/47"}],"wp:attachment":[{"href":"http:\/\/www.clehm.be\/V2F\/wp-json\/wp\/v2\/media?parent=46"}],"curies":[{"name":"wp","href":"https:\/\/api.w.org\/{rel}","templated":true}]}}