{"id":48,"date":"2019-05-03T13:32:35","date_gmt":"2019-05-03T11:32:35","guid":{"rendered":"http:\/\/www.clehm.be\/V2F\/?page_id=48"},"modified":"2026-02-18T19:24:15","modified_gmt":"2026-02-18T18:24:15","slug":"nos-avocats","status":"publish","type":"page","link":"http:\/\/www.clehm.be\/V2F\/nos-avocats\/","title":{"rendered":"Nos avocats"},"content":{"rendered":"\n<p><strong>Avocats associ\u00e9s<\/strong><\/p>\n\n\n<div class=\"wp-block-image is-resized\">\n<figure class=\"alignleft\"><img loading=\"lazy\" decoding=\"async\" width=\"200\" height=\"200\" src=\"http:\/\/www.clehm.be\/V2F\/wp-content\/uploads\/2019\/05\/rc-1.jpg\" alt=\"\" class=\"wp-image-85\" style=\"width:152px;height:auto\" srcset=\"http:\/\/www.clehm.be\/V2F\/wp-content\/uploads\/2019\/05\/rc-1.jpg 200w, http:\/\/www.clehm.be\/V2F\/wp-content\/uploads\/2019\/05\/rc-1-150x150.jpg 150w\" sizes=\"auto, (max-width: 200px) 100vw, 200px\" \/><\/figure>\n<\/div>\n\n\n<p><strong>Rafa\u00ebl Claes \u2022<\/strong> <a href=\"mailto:rafael.claes@clehm.be\">rafael.claes@clehm.be<\/a><br>Licenci\u00e9 en droit de la KU Leuven (1988) et licenci\u00e9 sp\u00e9cial en droit social de l\u2019Universit\u00e9 Libre de Bruxelles (1989), Rafa\u00ebl Claes est avocat au barreau de Bruxelles depuis 1989. Il est avocat associ\u00e9. Rafa\u00ebl Claes est sp\u00e9cialiste du droit social, droit du travail individuel et collectif et droit de la s\u00e9curit\u00e9 sociale. Il travaille en n\u00e9erlandais, fran\u00e7ais, anglais et allemand.<\/p>\n\n\n\n<p><\/p>\n\n\n<div class=\"wp-block-image\">\n<figure class=\"alignleft\"><img loading=\"lazy\" decoding=\"async\" width=\"150\" height=\"150\" src=\"http:\/\/www.clehm.be\/V2F\/wp-content\/uploads\/2020\/06\/photo-site-pro-1.jpg\" alt=\"\" class=\"wp-image-129\"\/><\/figure>\n<\/div>\n\n\n<p><strong>Etienne Lehmann \u2022 <\/strong><a href=\"mailto:Lehmann.etienne@skynet.be\">etienne.lehmann@clehm.be<\/a><br>Licenci\u00e9 en droit de l\u2019Universit\u00e9 Catholique de Louvain (1989 magna cum laude) et licenci\u00e9 sp\u00e9cial en droit social de l\u2019Universit\u00e9 Libre de Bruxelles (1990 magna cum laude), Etienne Lehmann est avocat depuis 1991 et avocat associ\u00e9. Il est sp\u00e9cialiste en droit du travail ainsi que des restructurations d\u2019entreprises. Il travaille en fran\u00e7ais, n\u00e9erlandais et anglais<\/p>\n\n\n<div class=\"wp-block-image\">\n<figure class=\"alignleft\"><img loading=\"lazy\" decoding=\"async\" width=\"150\" height=\"150\" src=\"http:\/\/www.clehm.be\/V2F\/wp-content\/uploads\/2020\/06\/MM-150x150-1.jpg\" alt=\"\" class=\"wp-image-118\"\/><\/figure>\n<\/div>\n\n\n<p><strong>Michel Milde \u2022 <\/strong><a href=\"mailto:michel.milde@clehm.be\">michel.milde@clehm.be<\/a><br>Licenci\u00e9   en droit de l\u2019UCL (1989) et licenci\u00e9 sp\u00e9cial en droit social de l\u2019ULB (1990 cum laude), Michel Milde est avocat depuis 1991 et juge suppl\u00e9ant au tribunal du travail francophone de Bruxelles depuis 2017. Il est avocat associ\u00e9 et sp\u00e9cialiste du droit du travail et de la s\u00e9curit\u00e9 sociale. Il travaille en fran\u00e7ais, n\u00e9erlandais et anglais.<\/p>\n\n\n<div class=\"wp-block-image\">\n<figure class=\"alignleft\"><img loading=\"lazy\" decoding=\"async\" width=\"150\" height=\"150\" src=\"http:\/\/www.clehm.be\/V2F\/wp-content\/uploads\/2019\/05\/fredr-150x150.jpg\" alt=\"\" class=\"wp-image-94\"\/><\/figure>\n<\/div>\n\n\n<p><strong>Fr\u00e9d\u00e9ric Robert \u2022 <\/strong><a href=\"mailto:frederic.robert@clehm.be\">frederic.robert@clehm.be<\/a><br>GSM 00 32 4 95 20 17 62 &#8211; Licenci\u00e9 en droit de l\u2019Universit\u00e9 Libre de Bruxelles, Fr\u00e9d\u00e9ric Robert est avocat au Barreau de Bruxelles depuis 1991. Il a travaill\u00e9 quelques ann\u00e9es aupr\u00e8s d\u2019un cabinet d\u2019audit international. Fr\u00e9d\u00e9ric Robert est l\u2019auteur de nombreux ouvrages et contributions dans le domaine du droit social. Il travaille en fran\u00e7ais et en anglais.<\/p>\n\n\n<div class=\"wp-block-image\">\n<figure class=\"alignleft is-resized\"><img loading=\"lazy\" decoding=\"async\" width=\"319\" height=\"319\" src=\"http:\/\/www.clehm.be\/V2F\/wp-content\/uploads\/2022\/01\/antoine-photo-site.jpg\" alt=\"\" class=\"wp-image-188\" style=\"width:150px;height:150px\" srcset=\"http:\/\/www.clehm.be\/V2F\/wp-content\/uploads\/2022\/01\/antoine-photo-site.jpg 319w, http:\/\/www.clehm.be\/V2F\/wp-content\/uploads\/2022\/01\/antoine-photo-site-150x150.jpg 150w, http:\/\/www.clehm.be\/V2F\/wp-content\/uploads\/2022\/01\/antoine-photo-site-300x300.jpg 300w\" sizes=\"auto, (max-width: 319px) 100vw, 319px\" \/><\/figure>\n<\/div>\n\n\n<p><strong>Antoine Rasneur \u2022 <\/strong><a href=\"mailto:antoine.rasneur@clehm.be\">antoine.rasneur@clehm.be<\/a>  <br>Licenci\u00e9 en droit de l&rsquo;UCL (1987) et en droit social (UGent 1989), Antoine est avocat depuis 1988 et, depuis 2001, Professeur de droit social \u00e0 Ichec-Entreprises (coordinateur du module Executive Master en RH). Il est avocat associ\u00e9, sp\u00e9cialiste du droit social (relations individuelles et collectives, p\u00e9nal social et s\u00e9curit\u00e9 sociale), il pratique quotidiennement cette mati\u00e8re dans la fonction publique locale. Il travaille en fran\u00e7ais et en n\u00e9erlandais.<\/p>\n","protected":false},"excerpt":{"rendered":"<p>Avocats associ\u00e9s Rafa\u00ebl Claes \u2022 rafael.claes@clehm.beLicenci\u00e9 en droit de la KU Leuven (1988) et licenci\u00e9 sp\u00e9cial en droit social de l\u2019Universit\u00e9 Libre de Bruxelles (1989), Rafa\u00ebl Claes est avocat au barreau de Bruxelles depuis 1989. Il est avocat associ\u00e9. Rafa\u00ebl &hellip; <a href=\"http:\/\/www.clehm.be\/V2F\/nos-avocats\/\">Continuer la lecture <span class=\"meta-nav\">&rarr;<\/span><\/a><\/p>\n","protected":false},"author":1,"featured_media":0,"parent":0,"menu_order":0,"comment_status":"closed","ping_status":"closed","template":"","meta":{"footnotes":""},"class_list":["post-48","page","type-page","status-publish","hentry"],"_links":{"self":[{"href":"http:\/\/www.clehm.be\/V2F\/wp-json\/wp\/v2\/pages\/48","targetHints":{"allow":["GET"]}}],"collection":[{"href":"http:\/\/www.clehm.be\/V2F\/wp-json\/wp\/v2\/pages"}],"about":[{"href":"http:\/\/www.clehm.be\/V2F\/wp-json\/wp\/v2\/types\/page"}],"author":[{"embeddable":true,"href":"http:\/\/www.clehm.be\/V2F\/wp-json\/wp\/v2\/users\/1"}],"replies":[{"embeddable":true,"href":"http:\/\/www.clehm.be\/V2F\/wp-json\/wp\/v2\/comments?post=48"}],"version-history":[{"count":74,"href":"http:\/\/www.clehm.be\/V2F\/wp-json\/wp\/v2\/pages\/48\/revisions"}],"predecessor-version":[{"id":206,"href":"http:\/\/www.clehm.be\/V2F\/wp-json\/wp\/v2\/pages\/48\/revisions\/206"}],"wp:attachment":[{"href":"http:\/\/www.clehm.be\/V2F\/wp-json\/wp\/v2\/media?parent=48"}],"curies":[{"name":"wp","href":"https:\/\/api.w.org\/{rel}","templated":true}]}}