{"id":15,"date":"2019-05-03T14:34:16","date_gmt":"2019-05-03T12:34:16","guid":{"rendered":"http:\/\/www.clehm.be\/V2N\/?page_id=15"},"modified":"2026-02-18T19:30:05","modified_gmt":"2026-02-18T18:30:05","slug":"onze-advocaten","status":"publish","type":"page","link":"http:\/\/www.clehm.be\/V2N\/onze-advocaten\/","title":{"rendered":"Onze advocaten"},"content":{"rendered":"\n<p><strong>Advocaten vennoten<\/strong><\/p>\n\n\n<div class=\"wp-block-image is-resized\">\n<figure class=\"alignleft\"><img loading=\"lazy\" decoding=\"async\" width=\"200\" height=\"200\" src=\"http:\/\/www.clehm.be\/V2N\/wp-content\/uploads\/2019\/05\/rc.jpg\" alt=\"\" class=\"wp-image-29\" style=\"width:151px;height:auto\" srcset=\"http:\/\/www.clehm.be\/V2N\/wp-content\/uploads\/2019\/05\/rc.jpg 200w, http:\/\/www.clehm.be\/V2N\/wp-content\/uploads\/2019\/05\/rc-150x150.jpg 150w\" sizes=\"auto, (max-width: 200px) 100vw, 200px\" \/><\/figure>\n<\/div>\n\n\n<p><strong>Rafa\u00ebl Claes<\/strong> \u2022 <a href=\"mailto:rafael.claes@clehm.be\">rafael.claes@clehm.be<\/a> <br>Hij behaalde het diploma van Licentiaat in de rechten aan de KU Leuven (1988) en volgde de bijzondere licentie in sociaal recht aan de Universit\u00e9 Libre te Brussel (1989). Rafa\u00ebl Claes is advocaat aan de balie van Brussel sinds 1989. Hij is gespecialiseerd in het sociaal recht, het individueel en het collectief arbeidsrecht en het sociale zekerheidsrecht. Hij werkt in het&nbsp;Nederlands, het Frans, het Engels en het Duits.<\/p>\n\n\n<div class=\"wp-block-image is-resized\">\n<figure class=\"alignleft\"><img loading=\"lazy\" decoding=\"async\" width=\"200\" height=\"200\" src=\"http:\/\/www.clehm.be\/V2N\/wp-content\/uploads\/2019\/05\/EL.jpg\" alt=\"\" class=\"wp-image-30\" style=\"width:151px;height:auto\" srcset=\"http:\/\/www.clehm.be\/V2N\/wp-content\/uploads\/2019\/05\/EL.jpg 200w, http:\/\/www.clehm.be\/V2N\/wp-content\/uploads\/2019\/05\/EL-150x150.jpg 150w\" sizes=\"auto, (max-width: 200px) 100vw, 200px\" \/><\/figure>\n<\/div>\n\n\n<p><strong>Etienne Lehmann <\/strong>\u2022 <a href=\"mailto:Lehmann.etienne@skynet.be\">etienne.lehmann@clehm.be<\/a><br>Hij behaalde het diploma van licentiaat in de rechten aan de Universit\u00e9 Catholique de Louvain (1989 magna cum laude) en volgde de bijzondere licentie in sociaal recht aan de Universit\u00e9 Libre te Brussel (1990 magna cum laude). Hij is advocaat sinds 1991 en gespecialiseerd in het sociaal recht en meer in het bijzonder in de verschillende aspecten van herstructureringen. Hij werkt in het Frans, het Nederlands en het Engels.<\/p>\n\n\n<div class=\"wp-block-image\">\n<figure class=\"alignleft\"><img loading=\"lazy\" decoding=\"async\" width=\"150\" height=\"150\" src=\"http:\/\/www.clehm.be\/V2N\/wp-content\/uploads\/2019\/05\/MM-150x150.jpg\" alt=\"\" class=\"wp-image-31\"\/><\/figure>\n<\/div>\n\n\n<p><strong>Michel Milde <\/strong>\u2022 <a href=\"mailto:michel.milde@clehm.be\">michel<strong>.<\/strong>milde@clehm.be<\/a><br>Hij behaalde het diploma van licentiaat in de rechten aan de Universit\u00e9 Catholique de Louvain (1989) en volgde de bijzondere licentie in sociaal recht aan de Universit\u00e9 Libre te Brussel (1990 cum laude). Hij is advocaat sinds 1991 en plaatsvervangend rechter bij het Franstalig Arbeidsrechtbank te Brussel sinds 2017. Hij is gespecialiseerd in het arbeidsrecht en het sociale zekerheidsrecht. Hij werkt in het Frans, het Nederlands en het Engels.<\/p>\n\n\n<div class=\"wp-block-image\">\n<figure class=\"alignleft\"><img loading=\"lazy\" decoding=\"async\" width=\"150\" height=\"150\" src=\"http:\/\/www.clehm.be\/V2N\/wp-content\/uploads\/2019\/05\/fredr-150x150.jpg\" alt=\"\" class=\"wp-image-33\"\/><\/figure>\n<\/div>\n\n\n<p><strong>Fr\u00e9d\u00e9ric Robert <\/strong>\u2022 <a href=\"mailto:frederic.robert@clehm.be\">frederic<\/a><strong><a href=\"mailto:frederic.robert@clehm.be\">.<\/a><\/strong><a href=\"mailto:frederic.robert@clehm.be\">robert@clehm<\/a><strong><a href=\"mailto:frederic.robert@clehm.be\">.<\/a><\/strong><a href=\"mailto:frederic.robert@clehm.be\">be<\/a><br>GSM 00 32 4 95 20 17 62 &#8211; in de rechten aan de Universir\u00e9 Libre de Bruxelles, Fr\u00e9d\u00e9ric Robert is advocaat aan de Balie van Brussel sinds 1991. Hij was werkzaam als consultant bij een internationaal auditkantoor. Fr\u00e9d\u00e9ric is auteur van verscheidene sociaalrechtelijke publicaties. Hij werkt in het Frans en het Engels.<br><br><\/p>\n\n\n<div class=\"wp-block-image is-resized\">\n<figure class=\"alignleft\"><img loading=\"lazy\" decoding=\"async\" width=\"319\" height=\"319\" src=\"http:\/\/www.clehm.be\/V2N\/wp-content\/uploads\/2022\/02\/antoine-photo-site.jpg\" alt=\"\" class=\"wp-image-79\" style=\"width:150px;height:auto\" srcset=\"http:\/\/www.clehm.be\/V2N\/wp-content\/uploads\/2022\/02\/antoine-photo-site.jpg 319w, http:\/\/www.clehm.be\/V2N\/wp-content\/uploads\/2022\/02\/antoine-photo-site-150x150.jpg 150w, http:\/\/www.clehm.be\/V2N\/wp-content\/uploads\/2022\/02\/antoine-photo-site-300x300.jpg 300w\" sizes=\"auto, (max-width: 319px) 100vw, 319px\" \/><\/figure>\n<\/div>\n\n\n<p><strong>Antoine Rasneur \u2022&nbsp;<\/strong><a href=\"mailto:antoine.rasneur@clehm.be\">antoine.rasneur@clehm.be<\/a><br>Antoine is licentiaat in de rechten (UCL 1987) en licentiaat in het sociaal recht (UGent 1989). Hij is sinds 1988 advocaat en sinds 2001 professor in het sociaal recht bij Ichec-Entreprises (co\u00f6rdinator van de module Executive Master in HR). Hij is advocaat-vennoot, gespecialiseerd in sociaal recht (individuele en collectieve betrekkingen, sociaal strafrecht en sociale zekerheid), en beoefent dit vakgebied dagelijks in de plaatselijke overheidsdienst. Hij werkt in het Frans en het Nederlands.<\/p>\n\n\n\n<p><\/p>\n","protected":false},"excerpt":{"rendered":"<p>Advocaten vennoten Rafa\u00ebl Claes \u2022 rafael.claes@clehm.be Hij behaalde het diploma van Licentiaat in de rechten aan de KU Leuven (1988) en volgde de bijzondere licentie in sociaal recht aan de Universit\u00e9 Libre te Brussel (1989). Rafa\u00ebl Claes is advocaat aan &hellip; <a href=\"http:\/\/www.clehm.be\/V2N\/onze-advocaten\/\">Continuer la lecture <span class=\"meta-nav\">&rarr;<\/span><\/a><\/p>\n","protected":false},"author":1,"featured_media":0,"parent":0,"menu_order":0,"comment_status":"closed","ping_status":"closed","template":"","meta":{"footnotes":""},"class_list":["post-15","page","type-page","status-publish","hentry"],"_links":{"self":[{"href":"http:\/\/www.clehm.be\/V2N\/wp-json\/wp\/v2\/pages\/15","targetHints":{"allow":["GET"]}}],"collection":[{"href":"http:\/\/www.clehm.be\/V2N\/wp-json\/wp\/v2\/pages"}],"about":[{"href":"http:\/\/www.clehm.be\/V2N\/wp-json\/wp\/v2\/types\/page"}],"author":[{"embeddable":true,"href":"http:\/\/www.clehm.be\/V2N\/wp-json\/wp\/v2\/users\/1"}],"replies":[{"embeddable":true,"href":"http:\/\/www.clehm.be\/V2N\/wp-json\/wp\/v2\/comments?post=15"}],"version-history":[{"count":28,"href":"http:\/\/www.clehm.be\/V2N\/wp-json\/wp\/v2\/pages\/15\/revisions"}],"predecessor-version":[{"id":101,"href":"http:\/\/www.clehm.be\/V2N\/wp-json\/wp\/v2\/pages\/15\/revisions\/101"}],"wp:attachment":[{"href":"http:\/\/www.clehm.be\/V2N\/wp-json\/wp\/v2\/media?parent=15"}],"curies":[{"name":"wp","href":"https:\/\/api.w.org\/{rel}","templated":true}]}}