{"id":20,"date":"2019-05-03T14:42:43","date_gmt":"2019-05-03T12:42:43","guid":{"rendered":"http:\/\/www.clehm.be\/V2N\/?page_id=20"},"modified":"2026-02-18T19:27:41","modified_gmt":"2026-02-18T18:27:41","slug":"gdpr","status":"publish","type":"page","link":"http:\/\/www.clehm.be\/V2N\/gdpr\/","title":{"rendered":"GDPR"},"content":{"rendered":"\n<p>1. Het doel van deze privacyverklaring is om betrokkenen te\ninformeren over:<\/p>\n\n\n\n<ul class=\"wp-block-list\">\n<li>persoonsgegevens die de advocaten van de associatie CLAES LEHMANN<br>MILDE verkrijgen;<\/li>\n\n\n\n<li>de naam en het adres van de gegevensbeheerder;<\/li>\n\n\n\n<li>de doeleinden van de verwerking;<\/li>\n\n\n\n<li>het bestaan van een recht om zich op verzoek en kosteloos tegen de<br>voorgenomen verwerking van hen betreffende persoonsgegevens te verzetten,<br>indien de verwerking verricht wordt met het oog op direct marketing;<\/li>\n\n\n\n<li>de ontvangers of categorie\u00ebn van ontvangers van de gegevens;<\/li>\n\n\n\n<li>het al dan niet verplichtend karakter van het antwoord alsmede de<br>mogelijke gevolgen van het niet beantwoorden;<\/li>\n\n\n\n<li>het bestaan van een recht op toegang en rectificatie van de gegevens<br>die op hen betrekking hebben;<\/li>\n\n\n\n<li>de redenen waarom de advocaten van de associatie CLAES LEHMMANN<br>MILDE deze gegevens gebruiken; en<\/li>\n\n\n\n<li>de bewaartermijn van deze gegevens.<\/li>\n<\/ul>\n\n\n\n<p>In deze verklaring is ook het toegepaste cookiebeleid opgenomen met\nbetrekking tot de website van de associatie.<\/p>\n\n\n\n<p>2. Van bij het begin is het belangrijk te onthouden dat de advocaten\nvan de associatie CLAES LEHMANN MILDE uit hoofde van hun ethiek onderworpen\nzijn aan het beroepsgeheim, de discretie en de vertrouwelijkheid met betrekking\ntot de aangelegenheden waarvoor zij verantwoordelijk zijn, evenals met alle\nvertrouwelijke informatie waarvan zij kennis krijgen door de uitoefening van\nhun beroep (zie Deontologie van de Orde van Franstalige en Duitstalige Balies\nen Orde van Vlaamse Balies).<\/p>\n\n\n\n<p>3. Elke advocaat van de associatie CLAES LEHMANN MILDE is\nverantwoordelijk voor de verwerking van bepaalde persoonsgegevens in het kader\nvan zijn\/haar eigen professionele activiteiten.<\/p>\n\n\n\n<p>4. Deze verklaring is van toepassing op zowel geautomatiseerde als\nhandmatige gegevensverwerking.<\/p>\n\n\n\n<p>5. De advocaten van de associatie CLAES LEHMANN MILDE verzamelen of\nkunnen de persoonsgegevens verzamelen en gebruiken of (in elk geval) gebruiken\ndie nodig zijn in het kader van hun activiteiten en die hen in staat stellen u\neen kwaliteitsvolle dienstverlening te bieden die specifiek is voor hun specialisatie\nen zoals vermeld op hun website.<\/p>\n\n\n\n<p>6. In het bijzonder de volgende gegevens zijn beoogd:<\/p>\n\n\n\n<ul class=\"wp-block-list\">\n<li>identificatiegegevens zoals naam, voornaam, foto,<br>identiteitskaartnummer, geboorteplaats en -datum, foto, IP-adres,<br>rijksregisternummer;<\/li>\n\n\n\n<li>contactgegevens zoals post- en e-mailadres, telefoonnummer;<\/li>\n\n\n\n<li>bankgegevens, zoals bankrekeningnummers;<\/li>\n\n\n\n<li>videobewakingsgegevens;<\/li>\n\n\n\n<li>gegevens met betrekking tot uw dossier, waaronder, voor zover nodig<br>voor het beheer van uw dossier, gevoelige gegevens, in het bijzonder met betrekking<br>tot gezondheid, evenals gegevens met betrekking tot geschillen voorgelegd aan<br>hoven en rechtbanken, gerechtelijke procedures, veroordelingen.<\/li>\n<\/ul>\n\n\n\n<p>7. Deze gegevens worden gebruikt door de advocaten van de associatie\nCLAES LEHMANN MILDE met in het bijzonder de volgende doeleinden:<\/p>\n\n\n\n<ul class=\"wp-block-list\">\n<li>beheer van uw dossier (met inbegrip van controle op<br>belangenverstrengeling);<\/li>\n\n\n\n<li>klantenbeheer;<\/li>\n\n\n\n<li>uitgifte, inning en verificatie van facturen;<\/li>\n\n\n\n<li>naleving van diverse wettelijke verplichtingen (zoals die op het<br>gebied van btw en de strijd tegen het witwassen van geld);<\/li>\n\n\n\n<li>reageren op een overheidsopdracht of een particuliere aanbesteding<br>voor juridische diensten;<\/li>\n\n\n\n<li>communicatie van nieuwsbrieven van de associatie;<\/li>\n\n\n\n<li>beheer van een sollicitatie om in het kantoor te werken;<\/li>\n\n\n\n<li>identificatie bij de ingang van het kantoor via een<br>video-intercomsysteem;<\/li>\n\n\n\n<li>voorstel van nieuwe doeleinden.<\/li>\n<\/ul>\n\n\n\n<p>8. De gegevens die door de advocaten van de associatie CLAES LEHMANN\nMILDE worden gebruikt, kunnen met name rechtstreeks bij de betrokkene worden\nverzameld of uit de volgende bronnen worden verkregen:<\/p>\n\n\n\n<ul class=\"wp-block-list\">\n<li>offici\u00eble publicaties (bv. Belgisch Staatsblad);<\/li>\n\n\n\n<li>administraties;<\/li>\n\n\n\n<li>rechterlijke overheden;<\/li>\n\n\n\n<li>klanten;<\/li>\n\n\n\n<li>dienstverleners;<\/li>\n\n\n\n<li>websites of socialemediapagina&rsquo;s die openbaar zijn gemaakt.<\/li>\n<\/ul>\n\n\n\n<p>9. De rechtsgronden van de gegevensverwerking door de advocaten van\nde associatie CLAES LEHMANN MILDE zijn, naargelang het geval, de volgende:<\/p>\n\n\n\n<ul class=\"wp-block-list\">\n<li>de toestemming van de betrokkene: als de betrokkene weigert bepaalde<br>gegevens te verstrekken, kan de advocaat zijn diensten niet verlenen;<\/li>\n\n\n\n<li>het toevertrouwde mandaat: de advocaten van de associatie CLAES<br>LEHMANN MILDE gebruiken persoonsgegevens voor de goede uitvoering van het<br>gegeven mandaat, met name om informatie te verstrekken met betrekking tot hun<br>diensten, om bijstand te verlenen en te reageren op verzoeken van cli\u00ebnten of<br>potenti\u00eble cli\u00ebnten en om de voorwaarden te evalueren waaronder de advocaten<br>van de associatie CLAES LEHMANN MILDE hun diensten kunnen aanbieden;<\/li>\n\n\n\n<li>naleving van hun wettelijke verplichtingen: de advocaten van de<br>associatie CLAES LEHMANN MILDE gebruiken persoonsgegevens om hun wettelijke en<br>reglementaire verplichtingen na te komen (bv. naleving van de btw-wetgeving);<\/li>\n\n\n\n<li>het gerechtvaardigd belang van de advocaten van de associatie CLAES<br>LEHMANN MILDE: de advocaten van de associatie CLAES LEHMANN MILDE gebruiken<br>persoonsgegevens om hun diensten op te zetten en te ontwikkelen, hun beheer te<br>optimaliseren, de kwaliteit van hun diensten te verbeteren en hun belangen te<br>verdedigen.<\/li>\n<\/ul>\n\n\n\n<p>10. Om de bovenvermelde doeleinden te bereiken, kunnen de advocaten\nvan de associatie CLAES LEHMANN MILDE persoonsgegevens delen met de volgende\ninstanties, telkens met inachtneming van hun verplichtingen van het\nberoepsgeheim, discretie en vertrouwelijkheid en respect voor het belang van de\nklant, behoudens de bij of krachtens de wet gestelde bepalingen en\nuitzonderingen:<\/p>\n\n\n\n<ul class=\"wp-block-list\">\n<li>de klant;<\/li>\n\n\n\n<li>gerechtelijke instanties (bijvoorbeeld bij gerechtelijke procedures)<br>;<\/li>\n\n\n\n<li>administraties, op verzoek en binnen de grenzen van wat wettelijk is<br>toegestaan of noodzakelijk is voor het beheer van het dossier;<\/li>\n\n\n\n<li>tegenpartijen (bijvoorbeeld in het geval van een gerechtelijke<br>procedure) ;<\/li>\n\n\n\n<li>dienstverleners voor advocaten van de associatie CLAES LEHMANN<br>MILDE;<\/li>\n\n\n\n<li>bepaalde gereglementeerde beroepen zoals gerechtsdeurwaarders,<br>boekhouders, fiscale experten, notarissen of auditors, enz.<\/li>\n<\/ul>\n\n\n\n<p>11. De advocaten van de associatie CLAES LEHMANN MILDE nemen\npassende technische en organisatorische maatregelen ter beveiliging van de\ndatabanken waarin de gegevens worden opgeslagen.<\/p>\n\n\n\n<p>12. In het geval van internationale doorgiften van de Europese Unie\nnaar een land waarvoor de Europese Commissie een adequaatheidsbesluit heeft\nuitgevaardigd waarmee aan dat land een niveau van bescherming van\npersoonsgegevens wordt toegekend dat gelijkwaardig is aan het niveau waarin is\nvoorzien in de wetgeving van de Europese Unie, kunnen persoonsgegevens worden\ndoorgegeven op deze basis. Voor doorgiften naar landen buiten de Europese Unie\nwaarvoor de Europese Commissie geen adequaatheidsbesluit heeft uitgevaardigd,\nkunnen de advocaten van de associatie CLAES LEHMANN MILDE een beroep doen op\neen op de situatie toepasselijke afwijking (bijvoorbeeld wanneer de doorgifte\nvan gegevens noodzakelijk is voor de uitvoering van een aan hen toevertrouwd\nmandaat), of op de uitvoering van een van de gepaste waarborgen om de\nbescherming van uw persoonsgegevens te verzekeren (modelcontractbepalingen\ngoedgekeurd door de Europese Commissie, bindende bedrijfsregels).<\/p>\n\n\n\n<p>13. De advocaten van de associatie CLAES LEHMANN MILDE kunnen de in\nhet kader van het contract verzamelde persoonsgegevens bewaren voor de duur van\nde contractuele relatie, verlengd met de wettelijke bewaartermijn of de\nverjaringstermijn om te kunnen voldoen aan verzoeken of mogelijke\nrechtsmiddelen die kunnen worden gestart na het einde van de contractuele\nrelatie of na het einde van de contractuele relatie.<\/p>\n\n\n\n<p>14. De bij de verwerking van persoonsgegevens betrokken personen\nhebben verschillende rechten, met name:<\/p>\n\n\n\n<ul class=\"wp-block-list\">\n<li>het recht op inzage: de betrokkene kan informatie krijgen over de<br>verwerking van zijn\/haar persoonsgegevens alsook een kopie van deze<br>persoonsgegevens;<\/li>\n\n\n\n<li>het recht op rectificatie: indien de persoonsgegevens onjuist of<br>onvolledig zijn, kan de betrokkene verzoeken deze persoonsgegevens te wijzigen;<\/li>\n\n\n\n<li>het recht op verwijdering: de betrokkene kan verzoeken om<br>verwijdering van zijn\/haar persoonsgegevens;<\/li>\n\n\n\n<li>het recht op beperking van de verwerking: de betrokkene kan de<br>beperking van de verwerking van zijn\/haar persoonsgegevens vragen;<\/li>\n\n\n\n<li>het recht om bezwaar te maken: de betrokkene kan bezwaar maken tegen<br>de verwerking van zijn\/haar persoonsgegevens om redenen die verband houden met<br>zijn\/haar specifieke situatie;<\/li>\n\n\n\n<li>het recht om toestemming in te trekken: de betrokkene heeft het<br>recht om de toestemming op elk moment in te trekken;<\/li>\n\n\n\n<li>het recht op gegevensoverdraagbaarheid: wanneer dit recht van<br>toepassing is, heeft de betrokkene het recht om zijn\/haar persoonsgegevens<br>terug te krijgen of, indien technisch mogelijk, over te dragen aan een derde<br>partij;<\/li>\n\n\n\n<li>het recht om zich op verzoek en kosteloos te verzetten tegen de<br>verwerking van hem\/haar betreffende persoonsgegevens voor doeleinden van direct<br>marketing, met dien verstande dat de advocaten van de associatie CLAES LEHMANN<br>MILDE de persoonsgegevens niet gebruiken met het oog op direct marketing;<\/li>\n\n\n\n<li>het recht om niet te worden onderworpen aan geautomatiseerde<br>individuele besluitvorming.<\/li>\n<\/ul>\n\n\n\n<p>Een betrokkene kan de hierboven vermelde rechten uitoefenen door\ncontact op te nemen met de advocaten van de associatie CLAES LEHMANN MILDE via\nhun e-mailadres. Ter identificatie dient een kopie van de identiteitskaart te\nworden bijgevoegd.<\/p>\n\n\n\n<p>15. De associatie CLAES LEHMANN MILDE maakt op haar website ook\ngebruik van cookies. Cookies zijn kleine tekstbestanden die op de harde schijf\nvan de computer van sitebezoekers worden opgeslagen. Als een dergelijke\nregistratie niet gewenst is, kunnen deze cookies worden geblokkeerd met behulp\nvan de volgende links:<\/p>\n\n\n\n<ul class=\"wp-block-list\">\n<li>Internet Explorer :\u00a0<a href=\"http:\/\/windows.microsoft.com\/fr-FR\/windows7\/Block-enable-or-allow-cookies\">http:\/\/windows.microsoft.com\/fr-FR\/windows7\/Block-enable-or-allow-cookies<\/a><\/li>\n\n\n\n<li>Edge :\u00a0<a href=\"https:\/\/privacy.microsoft.com\/fr-fr\/windows-10-microsoft-edge-and-privacy\">https:\/\/privacy.microsoft.com\/fr-fr\/windows-10-microsoft-edge-and-privacy<\/a><\/li>\n\n\n\n<li>Chrome :\u00a0<a href=\"http:\/\/support.google.com\/chrome\/bin\/answer.py?hl=fr&amp;answer=95647\">http:\/\/support.google.com\/chrome\/bin\/answer.py?hl=fr&amp;answer=95647<\/a><\/li>\n\n\n\n<li>Firefox :\u00a0<a href=\"http:\/\/support.mozilla.org\/fr\/kb\/activer-desactiver-cookies\">http:\/\/support.mozilla.org\/fr\/kb\/activer-desactiver-cookies<\/a><\/li>\n\n\n\n<li>Safari :\u00a0<a href=\"http:\/\/support.apple.com\/kb\/PH5042\">http:\/\/support.apple.com\/kb\/PH5042<\/a><\/li>\n<\/ul>\n\n\n\n<p>Als cookies gedeactiveerd zijn, is het mogelijk dat bepaalde\ngrafische elementen niet correct worden weergegeven of dat bepaalde applicaties\nniet meer kunnen worden gebruikt.<\/p>\n\n\n\n<p>16. De associatie CLAES LEHMANN MILDE gebruikt de volgende cookies:\nbrowsertaalvoorkeur en statistieken over websiteverkeer.<\/p>\n\n\n\n<p>17. In overeenstemming met de geldende regelgeving heeft\nde betrokkene het recht om een klacht in te dienen bij de bevoegde\ntoezichthoudende autoriteit. Meer informatie op&nbsp;<a href=\"http:\/\/www.privacycommission.be\/\">www.Privacycommission.be<\/a><\/p>\n\n\n\n<p>18. Deze privacyverklaring kan in de loop van de tijd\nworden gewijzigd. De laatste versie vindt u op onze website&nbsp;<a href=\"http:\/\/www.clehm.be\/\">www.clehm.be<\/a><\/p>\n\n\n\n<p>19. Voor vragen kunt u contact opnemen met de advocaten van de\nassociatie CLAES LEHMANN MILDE op het kantooradres of per e-mail.<\/p>\n\n\n\n<p>20. De advocaten van de associatie zijn:<\/p>\n\n\n\n<p>Rafa\u00ebl Claes (KBO 0842.672.454)<\/p>\n\n\n\n<p>Etienne Lehmann (Etienne Lehmann, advocaat bv \u2013 KBO 0823.282.946)<\/p>\n\n\n\n<p>Michel Milde (mmcc bv \u2013 KBO 0876.348.973)<\/p>\n\n\n\n<p>Fr\u00e9d\u00e9ric Robert (Fr\u00e9d\u00e9ric Robert, advocaat bv \u2013 KBO 0870.683.678)<\/p>\n\n\n\n<p>Antoine Rasneur (Antoine Rasneur bv\u2013 KBO 0723.568.530)<\/p>\n","protected":false},"excerpt":{"rendered":"<p>1. Het doel van deze privacyverklaring is om betrokkenen te informeren over: In deze verklaring is ook het toegepaste cookiebeleid opgenomen met betrekking tot de website van de associatie. 2. Van bij het begin is het belangrijk te onthouden dat &hellip; <a href=\"http:\/\/www.clehm.be\/V2N\/gdpr\/\">Continuer la lecture <span class=\"meta-nav\">&rarr;<\/span><\/a><\/p>\n","protected":false},"author":1,"featured_media":0,"parent":0,"menu_order":0,"comment_status":"closed","ping_status":"closed","template":"","meta":{"footnotes":""},"class_list":["post-20","page","type-page","status-publish","hentry"],"_links":{"self":[{"href":"http:\/\/www.clehm.be\/V2N\/wp-json\/wp\/v2\/pages\/20","targetHints":{"allow":["GET"]}}],"collection":[{"href":"http:\/\/www.clehm.be\/V2N\/wp-json\/wp\/v2\/pages"}],"about":[{"href":"http:\/\/www.clehm.be\/V2N\/wp-json\/wp\/v2\/types\/page"}],"author":[{"embeddable":true,"href":"http:\/\/www.clehm.be\/V2N\/wp-json\/wp\/v2\/users\/1"}],"replies":[{"embeddable":true,"href":"http:\/\/www.clehm.be\/V2N\/wp-json\/wp\/v2\/comments?post=20"}],"version-history":[{"count":8,"href":"http:\/\/www.clehm.be\/V2N\/wp-json\/wp\/v2\/pages\/20\/revisions"}],"predecessor-version":[{"id":100,"href":"http:\/\/www.clehm.be\/V2N\/wp-json\/wp\/v2\/pages\/20\/revisions\/100"}],"wp:attachment":[{"href":"http:\/\/www.clehm.be\/V2N\/wp-json\/wp\/v2\/media?parent=20"}],"curies":[{"name":"wp","href":"https:\/\/api.w.org\/{rel}","templated":true}]}}